{"id":100,"date":"2015-08-14T19:09:36","date_gmt":"2015-08-14T17:09:36","guid":{"rendered":"https:\/\/pissandprose.wordpress.com\/?page_id=100"},"modified":"2026-03-09T18:49:26","modified_gmt":"2026-03-09T17:49:26","slug":"f-a-ck","status":"publish","type":"page","link":"http:\/\/pissinger.eu\/?page_id=100","title":{"rendered":"F.A.CK."},"content":{"rendered":"<p><a href=\"http:\/\/pissinger.eu\/wp-content\/uploads\/2026\/03\/ezgif-2cdc1f2778ba7b0a.webp\"><img decoding=\"async\" loading=\"lazy\" class=\"alignnone wp-image-2989 size-full\" src=\"http:\/\/pissinger.eu\/wp-content\/uploads\/2026\/03\/ezgif-2cdc1f2778ba7b0a.webp\" alt=\"\" width=\"1280\" height=\"720\" srcset=\"http:\/\/pissinger.eu\/wp-content\/uploads\/2026\/03\/ezgif-2cdc1f2778ba7b0a.webp 1280w, http:\/\/pissinger.eu\/wp-content\/uploads\/2026\/03\/ezgif-2cdc1f2778ba7b0a-300x169.webp 300w, http:\/\/pissinger.eu\/wp-content\/uploads\/2026\/03\/ezgif-2cdc1f2778ba7b0a-1024x576.webp 1024w, http:\/\/pissinger.eu\/wp-content\/uploads\/2026\/03\/ezgif-2cdc1f2778ba7b0a-768x432.webp 768w, http:\/\/pissinger.eu\/wp-content\/uploads\/2026\/03\/ezgif-2cdc1f2778ba7b0a-600x338.webp 600w\" sizes=\"(max-width: 1280px) 100vw, 1280px\" \/><\/a><\/p>\n<blockquote><p>Basieren alle deine Geschichten auf echten Begebenheiten?<\/p><\/blockquote>\n<p>Ich \u00fcberlasse das dir und deiner Vorstellungskraft, um das herauszufinden.<\/p>\n<blockquote><p>Ich liebe alle deine Geschichten. Wirst du sexy Fotos von dir hochladen?<\/p><\/blockquote>\n<p>Na, es freut mich, dass sie dir gefallen, aber egal wie sehr sie dir gefallen, ich werde niemals Fotos von mir posten, weder \u00f6ffentlich, noch privat. Es gibt einfach zu viel Missbrauch damit und meine Privatsph\u00e4re ist mir sehr wichtig.<\/p>\n<blockquote><p>Kann ich dir ein Foto von meinem Penis als Zeichen der Anerkennung schicken?<\/p><\/blockquote>\n<p>Unter der Annahme, dass das wohl gemeint ist, denke ich dennoch, dass du wissen solltest, wenn du meine Geschichten gelesen hast, dass ich nicht an Penissen interessiert bin. Also, danke, aber nein danke.<\/p>\n<blockquote><p>Schreibst du eine Geschichte f\u00fcr mich?<\/p><\/blockquote>\n<p>In zwei Worten: Nein. Ich schreibe nur Sachen, die mich ant\u00f6rnen, und Geschichten f\u00fcr Andere zu schreiben geh\u00f6rt nicht dazu. Ebenso biete ich kein Ghostwriting, \u00dcbersetzungen oder Korrekturlesen an. Das Leben ist einfach zu kurz daf\u00fcr.<\/p>\n<blockquote><p>Ich bin ein aufstrebender Schriftsteller. Kannst du dir mal meine Geschichte ansehen und mir sagen, was du denkst?<\/p><\/blockquote>\n<p>Um Gottes Willen, nein! Ich bin nicht darauf vorbereitet, jemandes Geschichte zu beurteilen, und mache das auch \u00fcblicherweise nicht. Wenn es einen Rat gibt, den ich dir geben kann, dann diesen: H\u00f6re niemals, under gar keinen Umst\u00e4nden, auf irgendjemandes Kritik. Deine Geschichten geh\u00f6ren dir, und wenn sie f\u00fcr dich funktionieren, dann ist das schon alles, was sie tun m\u00fcssen. Wenn du von deinem eigenen Schreiben kommen kannst, dann ist alles gut. Wenn nicht, dann fang einfach nochmal von vorne an. Am Anfang wirst du eine Menge beschissene Geschichten schreiben, genauso wie du eine Menge beschissene Kuchen backen wirst, wenn du gerade erst damit angefangen hast, zu backen, oder im Bett beschissen bist, wenn du gerade erst anf\u00e4ngst, Sex zu haben&#8230; Vielleicht war das der falsche Vergleich, aber ich denke, es ist ziemlich klar, was ich meine. Die wichtigste Lektion f\u00fcr einen Autor, oder jeden anderen K\u00fcnstler, ist: Jeder ist ein Kritiker. Und deren Kritik ist Schei\u00dfe. H\u00f6r nicht auf sie.<\/p>\n<blockquote><p>Ich hab mich nur gefragt, wo findest du denn die Zeit und Inspiration zum Schreiben? Ich dachte, ich h\u00e4tte einen guten Anfang gehabt, aber im Moment habe ich sowas wie ne Schreibblockade.<\/p><\/blockquote>\n<p>Die erste Regel der Schreibblockade ist: Denk nicht an die Schreibblockade. Im Ernst, das ist so wie wenn man den Namen eines Freundes vergisst, oder so &#8211; es liegt einem auf der Zunge, aber so lange man sich den Kopf dar\u00fcber zerbricht, kommt man nicht dar\u00fcber weg. Stattdessen nimm es einfach als sowas wie einen kleinen Urlaub.<\/p>\n<p>Ich gehe selbst von Zeitr\u00e4umen der Kreativit\u00e4t zu Perioden von kompletter Faulheit \u00fcber; dabei ist es etwa ein 6-monatiger Ausschlag in die jeweilige Richtung. Und was ich dabei gelernt habe ist, sich keine Sorgen zu machen &#8211; es kommt wieder zur\u00fcck, und dann schreibe ich als g\u00e4be&#8217;s kein Morgen. Ich versuche manchmal, alles was ich in den produktiven Monaten hervorgebracht habe, \u00fcber die unt\u00e4tigen Monate hinweg zu strecken, aber das funktioniert nur so mittelgut, denn wenn ich faul bin, dann ist mir nicht einmal danach, irgendwas zu posten.<\/p>\n<p>Nat\u00fcrlich kann man bei einer Geschichte in eine Sackgasse rennen, und das nennen wir ebenfalls Schreibblockade, auch wenn&#8217;s mehr sowas wie eine Stra\u00dfensperre ist. Ich hab&#8217;s dabei etwas leichter, weil die meisten meiner Geschichten ziemlich kurz und abgeschlossen sind, so dass das Ganze schon fertig ausgearbeitet ist, und ich mich nur noch hinsetzen muss, um es aufzuschreiben. Mit l\u00e4ngeren Werken habe ich jedoch herausgefunden, dass der beste Weg darin besteht, das Ganze wie ein Road Movie anzugehen: Der Protagonist hat ein Ziel. Wie kommt sie dahin? Wen trifft sie auf dem Weg? An welchen Sehensw\u00fcrdigkeiten kommt sie vorbei? Was k\u00f6nnte dabei m\u00f6glicherweise passieren? Wer sind ihre Feinde? Was sind ihre St\u00e4rken? Was sind ihre Schw\u00e4chen? Das alleine kann dir schon ein paar Ideen geben, wie du mit der Geschichte weitermachst.<\/p>\n<blockquote><p>Welche Seiten hast du genutzt? Was sind die Vor- und Nachteile der verschiedenen Seiten? Welche Besonderheiten bieten die einzelnen Seiten an? Was sind Fallstricke, die es zu vermeiden gilt?<\/p><\/blockquote>\n<p>Okay, hier ist, was ich gelernt habe:<\/p>\n<p>Ich habe <a href=\"http:\/\/www.asstr.org\/\">ASSTR<\/a> als meine Hauptseite benutzt, weil sie die liberalste ist, und die einzige, die es mir erlaubte, alle und jede meiner Geschichten zu posten, egal was darin steht. Au\u00dferdem geben die im Wesentlichen kostenlosen Webspace an Autoren, so dass man da seine eigene Website basteln kann (auch wenn es anscheinend nur HTML unterst\u00fctzt). Die R\u00fcckmeldungen dort sind&#8230; vermischt. Erstmal gibt es da kein Kommentarsystem (es sei denn, man baut sich ein eigenes), so dass die R\u00fcckmeldung auf Emails beschr\u00e4nkt bleibt. Sie haben auch keine Wertungen oder irgendeine andere Methode, um die Geschichten zu sortieren, au\u00dfer alphabetisch und nach den neuesten Beitr\u00e4gen, so dass man am sichtbarsten ist, wenn man etwas neues postet. Es gibt auch nicht besonders viele R\u00fcckmeldungen &#8211; manchmal monatelang gar keine, dann ein paar Emails pro Woche &#8211; aber es sind definitiv die besten R\u00fcckmeldungen, die ich bekommen habe. Leute schreiben mir l\u00e4ngliche Lobpreisungen oder bitten darum, in einer Geschichte mit eingebaut zu werden; ASSTR ist so ziemlich die einzige Seite, wo ich diese Art von Anfragen bekomme.<\/p>\n<p>Dann habe ich auf <a href=\"http:\/\/www.sexstories.com\/\">sexstories.com<\/a> ver\u00f6ffentlicht. Ich habe dort sehr viel mehr Leser gehabt als auf jeder anderen Seite (drei meiner Geschichten waren unter den meistgelesenen \u00fcberhaupt, mit mehr als 4 Millionen Abrufen nur f\u00fcr diese allein). Die sortieren Geschichten nach Wertung (einfacher Prozentsatz der guten gegen\u00fcber den schlechten Bewertungen) und ich hatte auch (relativ) viele Kommentare. Die Rate dabei ist etwa 1 Stimme f\u00fcr 100 Abrufe, und 1 Kommentar pro 1000 Abrufe. Wenn man eine Gefolgschaft hat, ist&#8217;s mehr.<\/p>\n<p>Die Kehrseite ist, dass die Seite trollverseucht ist. Anonyme Nutzer werden deine Sachen ohne irgendeinen Grund abwerten und man kriegt ein paar komplett gehaltlose, gemeine und beleidigende Kommentare; Moderation ist praktisch nicht vorhanden. Mir ist dort nachgesetzt worden, ich wurde bel\u00e4stigt und mit Hass \u00fcbers\u00e4t wie nirgendwo sonst (trotz dem, oder vielleicht gerade weil meine Geschichten aus irgendeinem Grund wahnsinnig beliebt waren).<\/p>\n<p>Die Seite hat auch ein <a href=\"http:\/\/forum.xnxx.com\/\">Forum<\/a>, welches viel besser moderiert ist und etwas konstruktive Kritik bereitstellt, aber nicht einmal in der N\u00e4he der Abrufe und Anzahl der Leser der Stories Seite kommt.<\/p>\n<p>Als n\u00e4chstes kommt <a href=\"https:\/\/www.literotica.com\/\">literotica<\/a>. Ich habe dort alle meine Geschichten gepostet, die nicht gegen die Regeln versto\u00dfen (was in meinem Fall eigentlich nur Bestiality und Pornos mit Ber\u00fchmtheiten betrifft). Ich mag die Seite eigentlich nicht, aber kann jetzt nicht genau sagen, wieso. Sie scheint einfach nur unorganisiert zu sein, es gibt keine klare Sortierung der Geschichten, die Bewertungen scheinen nur f\u00fcr die besten 10 einer jeden Kategorie zu z\u00e4hlen, die die ganze Sichtbarkeit abbekommen, und alles andere verschwindet ziemlich schnell in der Versenkung. Ich habe dort viel weniger Kommentare bekommen, vielleicht mehr sowas wie 1 Kommentar pro 10.000 Abrufe, und die Kommentare waren so ziemlich die gleiche Mischung, wie sie es auf sexstories.com sind. Viele Einzeiler, aber scheinbar nicht so viele Trolle.<\/p>\n<p>Ich sage hier scheinbar, weil Lit auch ein forum hat, und das eine Mal, dass ich dort tats\u00e4chlich etwas gepostet habe (ich habe nach Hilfe mit dem Rahmen einer Geschichte gesucht), wurde ich sofort \u00fcberfallen und von allen Seiten getrollt. Also, was das betrifft, scheint deren Forum die Trollgrube zu sein.<\/p>\n<p>Was das L\u00f6schen von Dingen, die man auf Literotica geschrieben hat, betrifft, so ist es etwas kompliziert. Es gibt keine &#8220;L\u00f6schen&#8221; oder auch nur &#8220;Editieren&#8221; Funktion f\u00fcr Geschichten, die bereits gepostet sind, so dass man die Administration mit seinem Anliegen anschreiben muss, in der Hoffnung, dass sie dem Folge leisten.<\/p>\n<p>Dann, <a href=\"http:\/\/storiesonline.net\/\">storiesonline<\/a> &#8211; so ziemlich die netteste Seite, die ich bislang gesehen habe. Nicht sehr viele Leser, und keine Kommentarfunktion oder sowas. Die haben ein abgefahrenes Wertungssystem, welches ziemlich sicher stellt, dass man immer im Mittelfeld bleibt, wenn man nicht gerade etwas schreibt, f\u00fcr das Leute 10 Punkte geben, weil sie schon alleine dem Thema zustimmen und es nicht auf den Stil oder Inhalt ankommt. Deshalb sind die h\u00f6chstbewerteten Geschichten auch alles Heldengeschichten von irgendeinem Soldatenveteranen oder sowas.<\/p>\n<p>Aber die R\u00fcckmeldungen sind ziemlich nett, keine Ahnung wieso. Leute senden mir nette Emails, was ich mag, und ich war dazu \u00fcbergegangen, sie dort auf meinem Blog zu beantworten, was auch eine nette Einrichtung ist. Also, trotz der begrenzten Leserschaft ist es eine freundliche Seite. Au\u00dferdem, auch wenn sie keine leichte M\u00f6glichkeit zur L\u00f6schung bereitstellen, reagieren sie doch prompt und freundlich, wenn man sie darum bittet.<\/p>\n<p>Eine Weile habe ich auch auf <a href=\"https:\/\/www.lushstories.com\/\">lushstories<\/a> ver\u00f6ffentlicht, aber das wurde unheimlich nervt\u00f6tend. Deren Regelwerk ist so ziemlich das einschr\u00e4nkendste, das ich je auf einer Pornoseite gesehen habe, buchst\u00e4blich die H\u00e4lfte aller Geschichten, die ich dort eingeschickt habe, wurden aus irgendeinem Grund zur\u00fcckgewiesen. Einmal wurde mir eine Geschichte zur\u00fcckgeschickt, weil sie eine Szene beinhaltet, wo der Slip mit einer Schere zerschnitten wurde, und sie haben das als &#8220;Messerspiel&#8221; klassifiziert, was gegen die Regeln ist. Ein anderes Mal mochten sie das Format oder die Rechtschreibung nicht, obwohl dieselbe Geschichte kein Problem auf Literotica hatte (welches dieselben Format und Rechtschreibregeln hat). Ich hab also schlie\u00dflich frustriert aufgegeben.<\/p>\n<p>Die R\u00fcckmeldungen dort waren ziemlich nett, aber irrelevant. Ich habe nie mehr als Einzeilerkommentare und ein paar Stimmen bekommen. Es ist definitiv die Seite mit den wenigsten Lesern und Stimmen von allen, so dass ich mich nicht damit besch\u00e4ftigen w\u00fcrde.<\/p>\n<p>Ich habe versucht, etwas auf Tumblr zu posten, sogar zweimal, und wurde jedes mal dort nach ein paar Wochen gebannt, ohne eine Erkl\u00e4rung zu erhalten, so dass meine Vermutung ist, dass trotz der irrwitzigen Menge Pornobilder auf Tumblr sie anscheinend nicht besonders gut auf Pornogeschichten zu sprechen sind. Also besser davon fern bleiben.<\/p>\n<p>In der gleichen Weise hat XHamster ein paar Geschichten dranh\u00e4ngen, aber ebenfalls meine Geschichten ohne Erkl\u00e4rung gel\u00f6scht. Keine Ahnung, was da los war, so dass es auch nicht zu empfehlen ist.<\/p>\n<p>Ich habe Gutes \u00fcber eine andere Seite namens adult-fanfiction.org geh\u00f6rt, aber sie nicht pers\u00f6nlich ausprobiert. Haupts\u00e4chlich, weil sie sehr byzantinisch und unorganisiert aussieht, und schwer zu benutzen zu sein scheint, sowohl f\u00fcr Leser, als auch f\u00fcr Autoren. Die sollen allerdings sehr liberal sein, was Einschr\u00e4nkungen und Regeln angeht, wenn man also in der immer beliebten Teenager\/Minderj\u00e4hrigen\/Inzest-Kategorie unterwegs ist, k\u00f6nnte man es dort mal probieren.<\/p>\n<blockquote><p>hast du den &#8220;Anruf&#8221; geschrieben?<\/p><\/blockquote>\n<p>Ja, unter einem anderen Pseudonym. Die Geschichte ist noch immer in Entwicklung und kann hier gefunden werden: <a href=\"http:\/\/thecaller.eu\/\">http:\/\/thecaller.eu\/<\/a><\/p>\n","protected":false},"excerpt":{"rendered":"<p>Basieren alle deine Geschichten auf echten Begebenheiten? Ich \u00fcberlasse das dir und deiner Vorstellungskraft, um das herauszufinden. Ich liebe alle deine Geschichten. Wirst du sexy Fotos von dir hochladen? Na, es freut mich, dass sie dir gefallen, aber egal wie sehr sie dir gefallen, ich werde niemals Fotos von mir posten, weder \u00f6ffentlich, noch privat. [&hellip;]<\/p>\n","protected":false},"author":1,"featured_media":0,"parent":0,"menu_order":0,"comment_status":"open","ping_status":"open","template":"","meta":[],"_links":{"self":[{"href":"http:\/\/pissinger.eu\/index.php?rest_route=\/wp\/v2\/pages\/100"}],"collection":[{"href":"http:\/\/pissinger.eu\/index.php?rest_route=\/wp\/v2\/pages"}],"about":[{"href":"http:\/\/pissinger.eu\/index.php?rest_route=\/wp\/v2\/types\/page"}],"author":[{"embeddable":true,"href":"http:\/\/pissinger.eu\/index.php?rest_route=\/wp\/v2\/users\/1"}],"replies":[{"embeddable":true,"href":"http:\/\/pissinger.eu\/index.php?rest_route=%2Fwp%2Fv2%2Fcomments&post=100"}],"version-history":[{"count":4,"href":"http:\/\/pissinger.eu\/index.php?rest_route=\/wp\/v2\/pages\/100\/revisions"}],"predecessor-version":[{"id":2992,"href":"http:\/\/pissinger.eu\/index.php?rest_route=\/wp\/v2\/pages\/100\/revisions\/2992"}],"wp:attachment":[{"href":"http:\/\/pissinger.eu\/index.php?rest_route=%2Fwp%2Fv2%2Fmedia&parent=100"}],"curies":[{"name":"wp","href":"https:\/\/api.w.org\/{rel}","templated":true}]}}