{"id":1195,"date":"2016-01-05T02:46:57","date_gmt":"2016-01-05T02:46:57","guid":{"rendered":"http:\/\/pissingon.eu\/?page_id=1195"},"modified":"2016-03-28T04:40:08","modified_gmt":"2016-03-28T02:40:08","slug":"anal-office-fuck-sluts","status":"publish","type":"page","link":"http:\/\/pissinger.eu\/?page_id=1195","title":{"rendered":"\u00d6ffentliche Gest\u00e4ndnisse geheimer Gel\u00fcste"},"content":{"rendered":"","protected":false},"excerpt":{"rendered":"","protected":false},"author":1,"featured_media":0,"parent":0,"menu_order":0,"comment_status":"closed","ping_status":"closed","template":"page-template-portfolio.php","meta":[],"_links":{"self":[{"href":"http:\/\/pissinger.eu\/index.php?rest_route=\/wp\/v2\/pages\/1195"}],"collection":[{"href":"http:\/\/pissinger.eu\/index.php?rest_route=\/wp\/v2\/pages"}],"about":[{"href":"http:\/\/pissinger.eu\/index.php?rest_route=\/wp\/v2\/types\/page"}],"author":[{"embeddable":true,"href":"http:\/\/pissinger.eu\/index.php?rest_route=\/wp\/v2\/users\/1"}],"replies":[{"embeddable":true,"href":"http:\/\/pissinger.eu\/index.php?rest_route=%2Fwp%2Fv2%2Fcomments&post=1195"}],"version-history":[{"count":4,"href":"http:\/\/pissinger.eu\/index.php?rest_route=\/wp\/v2\/pages\/1195\/revisions"}],"predecessor-version":[{"id":1762,"href":"http:\/\/pissinger.eu\/index.php?rest_route=\/wp\/v2\/pages\/1195\/revisions\/1762"}],"wp:attachment":[{"href":"http:\/\/pissinger.eu\/index.php?rest_route=%2Fwp%2Fv2%2Fmedia&parent=1195"}],"curies":[{"name":"wp","href":"https:\/\/api.w.org\/{rel}","templated":true}]}}