{"id":85,"date":"2015-08-09T05:54:52","date_gmt":"2015-08-09T03:54:52","guid":{"rendered":"https:\/\/pissandprose.wordpress.com\/?page_id=85"},"modified":"2026-03-09T17:06:52","modified_gmt":"2026-03-09T16:06:52","slug":"about-me","status":"publish","type":"page","link":"http:\/\/pissinger.eu\/?page_id=85","title":{"rendered":"\u00dcber mich"},"content":{"rendered":"<h2><a href=\"http:\/\/pissinger.eu\/wp-content\/uploads\/2026\/03\/Hailuo_image_466752448035557382.jpg\" rel=\"lightbox[85]\"><img decoding=\"async\" loading=\"lazy\" class=\"alignnone size-full wp-image-2986\" src=\"http:\/\/pissinger.eu\/wp-content\/uploads\/2026\/03\/Hailuo_image_466752448035557382.jpg\" alt=\"\" width=\"1024\" height=\"1024\" srcset=\"http:\/\/pissinger.eu\/wp-content\/uploads\/2026\/03\/Hailuo_image_466752448035557382.jpg 1024w, http:\/\/pissinger.eu\/wp-content\/uploads\/2026\/03\/Hailuo_image_466752448035557382-300x300.jpg 300w, http:\/\/pissinger.eu\/wp-content\/uploads\/2026\/03\/Hailuo_image_466752448035557382-150x150.jpg 150w, http:\/\/pissinger.eu\/wp-content\/uploads\/2026\/03\/Hailuo_image_466752448035557382-768x768.jpg 768w, http:\/\/pissinger.eu\/wp-content\/uploads\/2026\/03\/Hailuo_image_466752448035557382-260x260.jpg 260w, http:\/\/pissinger.eu\/wp-content\/uploads\/2026\/03\/Hailuo_image_466752448035557382-190x190.jpg 190w, http:\/\/pissinger.eu\/wp-content\/uploads\/2026\/03\/Hailuo_image_466752448035557382-60x60.jpg 60w, http:\/\/pissinger.eu\/wp-content\/uploads\/2026\/03\/Hailuo_image_466752448035557382-170x170.jpg 170w, http:\/\/pissinger.eu\/wp-content\/uploads\/2026\/03\/Hailuo_image_466752448035557382-184x184.jpg 184w, http:\/\/pissinger.eu\/wp-content\/uploads\/2026\/03\/Hailuo_image_466752448035557382-600x600.jpg 600w, http:\/\/pissinger.eu\/wp-content\/uploads\/2026\/03\/Hailuo_image_466752448035557382-100x100.jpg 100w\" sizes=\"(max-width: 1024px) 100vw, 1024px\" \/><\/a><\/h2>\n<h2><strong>Kathrin Pissinger<\/strong><\/h2>\n<h3>Perversionsforscherin und Pornoauthorin deluxe<\/h3>\n<p>Ich bin Luxussexauthorin und ausgew\u00e4hlte Pornoverscherblerin, und immer, wenn ich nicht gerade masturbiere, schreibe ich wahrscheinlich. Oder beides. Aus irgendeinem geheimnisvollen Grund liegt mein Hauptinteresse bei Erotika, und deshalb konzentriere ich mich auch darauf. Man kann sich die Muse halt nicht aussuchen. (Aber man kann immer mal mit ihr schlafen&#8230;)<\/p>\n<p>Bislang habe ich bereits \u00fcber 100 Geschichten verfasst, die Millionen von Lesern gefunden haben und in jedem gr\u00f6\u00dferen Ebook Laden erschienen sind &#8211; und dar\u00fcber hinaus auch dutzenden von kleineren L\u00e4den. Im Moment arbeite ich an mehreren weiteren B\u00fcchern, von denen einige Sammlungen meiner Kurzgeschichten sind, w\u00e4hrend andere eher klassische erotische Romane darstellen, die in Episoden erscheinen.<\/p>\n<p>Meine Geschichten wurden in mehrere Sprachen \u00fcbersetzt und H\u00f6rb\u00fccher der beliebtesten sind in Arbeit, wor\u00fcber ich besonders aufgeregt bin.<\/p>\n<p>Fast alle meine Geschichten sind lesbischer Porno, mit der einen oder anderen bisexuellen Story wenn mir danach ist. Der Schwerpunkt dabei liegt auf Natursekt, Fisten und Analsex, welches meine wichtigsten Fetische sind.Ich bin dominant, aber nicht sadistisch oder deshalb gibt es eine Menge Erniedrigungen, Dem\u00fctigungen und Missbrauch aber nicht so viele Fesselspiele, Schmerzen oder Pr\u00fcgel. I&#8217;m a lover, not a fighter.<\/p>\n<p>Und schlie\u00dflich gibt es in meinen Stories meistens \u00e4ltere, &#8220;normale&#8221; Frauen, von denen viele nicht den westlichen &#8220;Sch\u00f6nheitsidealen&#8221; entsprechen, wie man sie allgemein im Porno findet. Ich liebe Frauen von jeder Figur, Gr\u00f6\u00dfe und Art.<\/p>\n<p>Impressum:<\/p>\n<p>Kathrin Pissinger<br \/>\nSuite 7613<br \/>\n17B Farnham Street<br \/>\nParnell<br \/>\nAuckland 1052<br \/>\nNew Zealand<\/p>\n","protected":false},"excerpt":{"rendered":"<p>Kathrin Pissinger Perversionsforscherin und Pornoauthorin deluxe Ich bin Luxussexauthorin und ausgew\u00e4hlte Pornoverscherblerin, und immer, wenn ich nicht gerade masturbiere, schreibe ich wahrscheinlich. Oder beides. Aus irgendeinem geheimnisvollen Grund liegt mein Hauptinteresse bei Erotika, und deshalb konzentriere ich mich auch darauf. Man kann sich die Muse halt nicht aussuchen. (Aber man kann immer mal mit ihr [&hellip;]<\/p>\n","protected":false},"author":1,"featured_media":0,"parent":0,"menu_order":0,"comment_status":"open","ping_status":"open","template":"","meta":[],"_links":{"self":[{"href":"http:\/\/pissinger.eu\/index.php?rest_route=\/wp\/v2\/pages\/85"}],"collection":[{"href":"http:\/\/pissinger.eu\/index.php?rest_route=\/wp\/v2\/pages"}],"about":[{"href":"http:\/\/pissinger.eu\/index.php?rest_route=\/wp\/v2\/types\/page"}],"author":[{"embeddable":true,"href":"http:\/\/pissinger.eu\/index.php?rest_route=\/wp\/v2\/users\/1"}],"replies":[{"embeddable":true,"href":"http:\/\/pissinger.eu\/index.php?rest_route=%2Fwp%2Fv2%2Fcomments&post=85"}],"version-history":[{"count":3,"href":"http:\/\/pissinger.eu\/index.php?rest_route=\/wp\/v2\/pages\/85\/revisions"}],"predecessor-version":[{"id":2987,"href":"http:\/\/pissinger.eu\/index.php?rest_route=\/wp\/v2\/pages\/85\/revisions\/2987"}],"wp:attachment":[{"href":"http:\/\/pissinger.eu\/index.php?rest_route=%2Fwp%2Fv2%2Fmedia&parent=85"}],"curies":[{"name":"wp","href":"https:\/\/api.w.org\/{rel}","templated":true}]}}